{"id":16314,"date":"2025-03-16T12:51:58","date_gmt":"2025-03-16T11:51:58","guid":{"rendered":"https:\/\/thepettco.com\/news\/"},"modified":"2025-12-10T12:41:39","modified_gmt":"2025-12-10T11:41:39","slug":"news","status":"publish","type":"page","link":"https:\/\/thepettco.com\/en\/news\/","title":{"rendered":"News"},"content":{"rendered":"\t\t<div data-elementor-type=\"wp-page\" data-elementor-id=\"16314\" class=\"elementor elementor-16314 elementor-15513\" data-elementor-settings=\"{&quot;ha_cmc_init_switcher&quot;:&quot;no&quot;}\" data-elementor-post-type=\"page\">\n\t\t\t\t<div class=\"elementor-element elementor-element-a4ce787 e-con-full e-flex e-con e-parent\" data-id=\"a4ce787\" data-element_type=\"container\" data-settings=\"{&quot;background_background&quot;:&quot;classic&quot;}\">\n\t\t<div class=\"elementor-element elementor-element-360bc78 e-con-full e-flex e-con e-child\" data-id=\"360bc78\" data-element_type=\"container\">\n\t\t\t\t<\/div>\n\t\t\t\t<\/div>\n\t\t<div class=\"elementor-element elementor-element-bccbe6f e-con-full e-flex e-con e-parent\" data-id=\"bccbe6f\" data-element_type=\"container\">\n\t\t<div class=\"elementor-element elementor-element-ada6fa7 e-con-full e-flex e-con e-child\" data-id=\"ada6fa7\" data-element_type=\"container\">\n\t\t\t\t<div class=\"elementor-element elementor-element-3428be7 scrollFade elementor-widget elementor-widget-heading\" data-id=\"3428be7\" data-element_type=\"widget\" data-widget_type=\"heading.default\">\n\t\t\t\t<div class=\"elementor-widget-container\">\n\t\t\t\t\t<h1 class=\"elementor-heading-title elementor-size-default\">News<\/h1>\t\t\t\t<\/div>\n\t\t\t\t<\/div>\n\t\t\t\t<div class=\"elementor-element elementor-element-9704827 elementor-widget__width-initial elementor-hidden-widescreen elementor-hidden-desktop elementor-hidden-laptop elementor-hidden-tablet_extra elementor-hidden-tablet elementor-hidden-mobile_extra elementor-hidden-mobile scrollFade elementor-widget elementor-widget-text-editor\" data-id=\"9704827\" data-element_type=\"widget\" data-widget_type=\"text-editor.default\">\n\t\t\t\t<div class=\"elementor-widget-container\">\n\t\t\t\t\t\t\t\t\t<p>The PettCo wird sowohl Mietwohnungen als auch Serviced Apartments beherbergen und sorgt damit f\u00fcr eine lebendige Community. \u00d6ffentliche Begegnungsorte f\u00fcr Networking und Austausch z\u00e4hlen ebenso zum Konzept wie private R\u00fcckzugsbereiche f\u00fcr Mieter:innen.<\/p>\n\t\t\t\t\t\t\t\t<\/div>\n\t\t\t\t<\/div>\n\t\t\t\t<\/div>\n\t\t\t\t<\/div>\n\t\t<div class=\"elementor-element elementor-element-8ca45d8 e-con-full e-flex e-con e-parent\" data-id=\"8ca45d8\" data-element_type=\"container\">\n\t\t<div class=\"elementor-element elementor-element-ab55e93 e-con-full e-flex e-con e-child\" data-id=\"ab55e93\" data-element_type=\"container\" data-settings=\"{&quot;motion_fx_motion_fx_scrolling&quot;:&quot;yes&quot;,&quot;motion_fx_translateY_effect&quot;:&quot;yes&quot;,&quot;motion_fx_translateY_speed&quot;:{&quot;unit&quot;:&quot;px&quot;,&quot;size&quot;:2,&quot;sizes&quot;:[]},&quot;motion_fx_translateY_affectedRange&quot;:{&quot;unit&quot;:&quot;%&quot;,&quot;size&quot;:&quot;&quot;,&quot;sizes&quot;:{&quot;start&quot;:0,&quot;end&quot;:50}},&quot;motion_fx_devices&quot;:[&quot;widescreen&quot;,&quot;desktop&quot;,&quot;laptop&quot;,&quot;tablet_extra&quot;,&quot;tablet&quot;]}\">\n\t\t\t\t<div class=\"elementor-element elementor-element-785f5bd scrollFade elementor-widget elementor-widget-image\" data-id=\"785f5bd\" data-element_type=\"widget\" data-widget_type=\"image.default\">\n\t\t\t\t<div class=\"elementor-widget-container\">\n\t\t\t\t\t\t\t\t\t\t\t\t\t\t\t<img fetchpriority=\"high\" decoding=\"async\" width=\"800\" height=\"1200\" src=\"https:\/\/thepettco.com\/wp-content\/uploads\/2025\/11\/News-11-1.jpg\" class=\"attachment-full size-full wp-image-16581\" alt=\"\" srcset=\"https:\/\/thepettco.com\/wp-content\/uploads\/2025\/11\/News-11-1.jpg 800w, https:\/\/thepettco.com\/wp-content\/uploads\/2025\/11\/News-11-1-200x300.jpg 200w, https:\/\/thepettco.com\/wp-content\/uploads\/2025\/11\/News-11-1-683x1024.jpg 683w, https:\/\/thepettco.com\/wp-content\/uploads\/2025\/11\/News-11-1-768x1152.jpg 768w\" sizes=\"(max-width: 800px) 100vw, 800px\" \/>\t\t\t\t\t\t\t\t\t\t\t\t\t\t\t<\/div>\n\t\t\t\t<\/div>\n\t\t\t\t<div class=\"elementor-element elementor-element-3514548 elementor-widget__width-initial scrollFade elementor-widget elementor-widget-text-editor\" data-id=\"3514548\" data-element_type=\"widget\" data-widget_type=\"text-editor.default\">\n\t\t\t\t<div class=\"elementor-widget-container\">\n\t\t\t\t\t\t\t\t\t<p>Step by step<\/p>\t\t\t\t\t\t\t\t<\/div>\n\t\t\t\t<\/div>\n\t\t\t\t<div class=\"elementor-element elementor-element-5dc6bb9 elementor-widget__width-initial scrollFade elementor-widget elementor-widget-text-editor\" data-id=\"5dc6bb9\" data-element_type=\"widget\" data-widget_type=\"text-editor.default\">\n\t\t\t\t<div class=\"elementor-widget-container\">\n\t\t\t\t\t\t\t\t\t<p>Every day, the construction site looks a little different, and our photographers are regularly on site to capture the changes. Currently, the basement is being completed.<\/p>\t\t\t\t\t\t\t\t<\/div>\n\t\t\t\t<\/div>\n\t\t\t\t<\/div>\n\t\t<div class=\"elementor-element elementor-element-db91704 e-con-full e-flex e-con e-child\" data-id=\"db91704\" data-element_type=\"container\" data-settings=\"{&quot;motion_fx_motion_fx_scrolling&quot;:&quot;yes&quot;,&quot;motion_fx_translateY_effect&quot;:&quot;yes&quot;,&quot;motion_fx_translateY_direction&quot;:&quot;negative&quot;,&quot;motion_fx_translateY_speed&quot;:{&quot;unit&quot;:&quot;px&quot;,&quot;size&quot;:2,&quot;sizes&quot;:[]},&quot;motion_fx_translateY_affectedRange&quot;:{&quot;unit&quot;:&quot;%&quot;,&quot;size&quot;:&quot;&quot;,&quot;sizes&quot;:{&quot;start&quot;:31,&quot;end&quot;:69}},&quot;motion_fx_devices&quot;:[&quot;widescreen&quot;,&quot;desktop&quot;,&quot;laptop&quot;,&quot;tablet_extra&quot;,&quot;tablet&quot;]}\">\n\t\t\t\t<div class=\"elementor-element elementor-element-2cd9b63 scrollFade elementor-widget elementor-widget-image\" data-id=\"2cd9b63\" data-element_type=\"widget\" data-widget_type=\"image.default\">\n\t\t\t\t<div class=\"elementor-widget-container\">\n\t\t\t\t\t\t\t\t\t\t\t\t\t\t\t<img decoding=\"async\" width=\"1200\" height=\"675\" src=\"https:\/\/thepettco.com\/wp-content\/uploads\/2025\/11\/News-10-1.jpg\" class=\"attachment-full size-full wp-image-16583\" alt=\"\" srcset=\"https:\/\/thepettco.com\/wp-content\/uploads\/2025\/11\/News-10-1.jpg 1200w, https:\/\/thepettco.com\/wp-content\/uploads\/2025\/11\/News-10-1-300x169.jpg 300w, https:\/\/thepettco.com\/wp-content\/uploads\/2025\/11\/News-10-1-1024x576.jpg 1024w, https:\/\/thepettco.com\/wp-content\/uploads\/2025\/11\/News-10-1-768x432.jpg 768w\" sizes=\"(max-width: 1200px) 100vw, 1200px\" \/>\t\t\t\t\t\t\t\t\t\t\t\t\t\t\t<\/div>\n\t\t\t\t<\/div>\n\t\t\t\t<div class=\"elementor-element elementor-element-b64a6b9 elementor-widget__width-initial scrollFade elementor-widget elementor-widget-text-editor\" data-id=\"b64a6b9\" data-element_type=\"widget\" data-widget_type=\"text-editor.default\">\n\t\t\t\t<div class=\"elementor-widget-container\">\n\t\t\t\t\t\t\t\t\tNamast\u00e9 Boar\u00e9\t\t\t\t\t\t\t\t<\/div>\n\t\t\t\t<\/div>\n\t\t\t\t<div class=\"elementor-element elementor-element-88964e9 elementor-widget__width-initial scrollFade elementor-widget elementor-widget-text-editor\" data-id=\"88964e9\" data-element_type=\"widget\" data-widget_type=\"text-editor.default\">\n\t\t\t\t<div class=\"elementor-widget-container\">\n\t\t\t\t\t\t\t\t\tWe\u2019re happy to welcome <a href=\"https:\/\/www.boare.de\">Boar\u00e9<\/a> as a new tenant who will bring fresh energy to The PettCo and the surrounding neighborhood with a yoga and Pilates studio. The team already runs two successful studios in Berlin\u2019s Prenzlauer Berg and will now extend its diverse program of classes and workshops to Friedrichshain.\t\t\t\t\t\t\t\t<\/div>\n\t\t\t\t<\/div>\n\t\t\t\t<\/div>\n\t\t\t\t<\/div>\n\t\t<div class=\"elementor-element elementor-element-11e8c78 e-con-full e-flex e-con e-parent\" data-id=\"11e8c78\" data-element_type=\"container\">\n\t\t<div class=\"elementor-element elementor-element-661ce25 e-con-full e-flex e-con e-child\" data-id=\"661ce25\" data-element_type=\"container\" data-settings=\"{&quot;motion_fx_motion_fx_scrolling&quot;:&quot;yes&quot;,&quot;motion_fx_translateY_effect&quot;:&quot;yes&quot;,&quot;motion_fx_translateY_direction&quot;:&quot;negative&quot;,&quot;motion_fx_translateY_speed&quot;:{&quot;unit&quot;:&quot;px&quot;,&quot;size&quot;:2,&quot;sizes&quot;:[]},&quot;motion_fx_translateY_affectedRange&quot;:{&quot;unit&quot;:&quot;%&quot;,&quot;size&quot;:&quot;&quot;,&quot;sizes&quot;:{&quot;start&quot;:0,&quot;end&quot;:50}},&quot;motion_fx_devices&quot;:[&quot;widescreen&quot;,&quot;desktop&quot;,&quot;laptop&quot;,&quot;tablet_extra&quot;,&quot;tablet&quot;]}\">\n\t\t\t\t<div class=\"elementor-element elementor-element-0c708c6 scrollFade elementor-widget elementor-widget-image\" data-id=\"0c708c6\" data-element_type=\"widget\" data-widget_type=\"image.default\">\n\t\t\t\t<div class=\"elementor-widget-container\">\n\t\t\t\t\t\t\t\t\t\t\t\t\t\t\t<img decoding=\"async\" width=\"1200\" height=\"675\" src=\"https:\/\/thepettco.com\/wp-content\/uploads\/2025\/12\/News-12.jpg\" class=\"attachment-full size-full wp-image-16603\" alt=\"\" srcset=\"https:\/\/thepettco.com\/wp-content\/uploads\/2025\/12\/News-12.jpg 1200w, https:\/\/thepettco.com\/wp-content\/uploads\/2025\/12\/News-12-300x169.jpg 300w, https:\/\/thepettco.com\/wp-content\/uploads\/2025\/12\/News-12-1024x576.jpg 1024w, https:\/\/thepettco.com\/wp-content\/uploads\/2025\/12\/News-12-768x432.jpg 768w\" sizes=\"(max-width: 1200px) 100vw, 1200px\" \/>\t\t\t\t\t\t\t\t\t\t\t\t\t\t\t<\/div>\n\t\t\t\t<\/div>\n\t\t\t\t<div class=\"elementor-element elementor-element-22bac70 elementor-widget__width-initial scrollFade elementor-widget elementor-widget-text-editor\" data-id=\"22bac70\" data-element_type=\"widget\" data-widget_type=\"text-editor.default\">\n\t\t\t\t<div class=\"elementor-widget-container\">\n\t\t\t\t\t\t\t\t\t<p>Planning permission granted \u2013 construction in full swing<\/p>\t\t\t\t\t\t\t\t<\/div>\n\t\t\t\t<\/div>\n\t\t\t\t<div class=\"elementor-element elementor-element-99393fb elementor-widget__width-initial scrollFade elementor-widget elementor-widget-text-editor\" data-id=\"99393fb\" data-element_type=\"widget\" data-widget_type=\"text-editor.default\">\n\t\t\t\t<div class=\"elementor-widget-container\">\n\t\t\t\t\t\t\t\t\t<p>Planning permission for the residential, yoga &amp; pilates use as well as the additional storey has been granted on schedule. This means that the construction site can now start in full and the next milestone on the campus is taking shape.<\/p>\t\t\t\t\t\t\t\t<\/div>\n\t\t\t\t<\/div>\n\t\t\t\t<\/div>\n\t\t<div class=\"elementor-element elementor-element-f51d36f e-con-full e-flex e-con e-child\" data-id=\"f51d36f\" data-element_type=\"container\" data-settings=\"{&quot;motion_fx_motion_fx_scrolling&quot;:&quot;yes&quot;,&quot;motion_fx_translateY_effect&quot;:&quot;yes&quot;,&quot;motion_fx_translateY_speed&quot;:{&quot;unit&quot;:&quot;px&quot;,&quot;size&quot;:2,&quot;sizes&quot;:[]},&quot;motion_fx_translateY_affectedRange&quot;:{&quot;unit&quot;:&quot;%&quot;,&quot;size&quot;:&quot;&quot;,&quot;sizes&quot;:{&quot;start&quot;:0,&quot;end&quot;:50}},&quot;motion_fx_devices&quot;:[&quot;widescreen&quot;,&quot;desktop&quot;,&quot;laptop&quot;,&quot;tablet_extra&quot;,&quot;tablet&quot;]}\">\n\t\t\t\t<div class=\"elementor-element elementor-element-7d8e897 scrollFade elementor-widget elementor-widget-image\" data-id=\"7d8e897\" data-element_type=\"widget\" data-widget_type=\"image.default\">\n\t\t\t\t<div class=\"elementor-widget-container\">\n\t\t\t\t\t\t\t\t\t\t\t\t\t\t\t<img loading=\"lazy\" decoding=\"async\" width=\"1600\" height=\"999\" src=\"https:\/\/thepettco.com\/wp-content\/uploads\/2025\/03\/home-04.jpg\" class=\"attachment-full size-full wp-image-15141\" alt=\"\u00f6ffentliche H\u00f6fe\" srcset=\"https:\/\/thepettco.com\/wp-content\/uploads\/2025\/03\/home-04.jpg 1600w, https:\/\/thepettco.com\/wp-content\/uploads\/2025\/03\/home-04-300x187.jpg 300w, https:\/\/thepettco.com\/wp-content\/uploads\/2025\/03\/home-04-1024x639.jpg 1024w, https:\/\/thepettco.com\/wp-content\/uploads\/2025\/03\/home-04-768x480.jpg 768w, https:\/\/thepettco.com\/wp-content\/uploads\/2025\/03\/home-04-1536x959.jpg 1536w\" sizes=\"(max-width: 1600px) 100vw, 1600px\" \/>\t\t\t\t\t\t\t\t\t\t\t\t\t\t\t<\/div>\n\t\t\t\t<\/div>\n\t\t\t\t<div class=\"elementor-element elementor-element-0a0033f elementor-widget__width-initial scrollFade elementor-widget elementor-widget-text-editor\" data-id=\"0a0033f\" data-element_type=\"widget\" data-widget_type=\"text-editor.default\">\n\t\t\t\t<div class=\"elementor-widget-container\">\n\t\t\t\t\t\t\t\t\t<p>Extensive planning completed<\/p>\n\t\t\t\t\t\t\t\t<\/div>\n\t\t\t\t<\/div>\n\t\t\t\t<div class=\"elementor-element elementor-element-be4333e elementor-widget__width-initial scrollFade elementor-widget elementor-widget-text-editor\" data-id=\"be4333e\" data-element_type=\"widget\" data-widget_type=\"text-editor.default\">\n\t\t\t\t<div class=\"elementor-widget-container\">\n\t\t\t\t\t\t\t\t\t<p>It is now clear that The PettCo will be home to a variety of different uses and will offer four public courtyards for the entire neighborhood as well as two private courtyards for tenants. In total, the new quarter will consist of one third apartments, one third serviced apartments and one third commercial, catering and office space. A complex project including historical building components and a new building, which required an extensive planning phase. This has now been completed and the next construction phase can begin.<\/p>\n\t\t\t\t\t\t\t\t<\/div>\n\t\t\t\t<\/div>\n\t\t\t\t<\/div>\n\t\t\t\t<\/div>\n\t\t<div class=\"elementor-element elementor-element-ab8d805 e-con-full e-flex e-con e-parent\" data-id=\"ab8d805\" data-element_type=\"container\">\n\t\t<div class=\"elementor-element elementor-element-7dcf501 e-con-full e-flex e-con e-child\" data-id=\"7dcf501\" data-element_type=\"container\" data-settings=\"{&quot;motion_fx_motion_fx_scrolling&quot;:&quot;yes&quot;,&quot;motion_fx_translateY_effect&quot;:&quot;yes&quot;,&quot;motion_fx_translateY_speed&quot;:{&quot;unit&quot;:&quot;px&quot;,&quot;size&quot;:2,&quot;sizes&quot;:[]},&quot;motion_fx_translateY_affectedRange&quot;:{&quot;unit&quot;:&quot;%&quot;,&quot;size&quot;:&quot;&quot;,&quot;sizes&quot;:{&quot;start&quot;:0,&quot;end&quot;:50}},&quot;motion_fx_devices&quot;:[&quot;widescreen&quot;,&quot;desktop&quot;,&quot;laptop&quot;,&quot;tablet_extra&quot;,&quot;tablet&quot;]}\">\n\t\t\t\t<div class=\"elementor-element elementor-element-e468e6b elementor-widget elementor-widget-image\" data-id=\"e468e6b\" data-element_type=\"widget\" data-widget_type=\"image.default\">\n\t\t\t\t<div class=\"elementor-widget-container\">\n\t\t\t\t\t\t\t\t\t\t\t\t\t\t\t<img loading=\"lazy\" decoding=\"async\" width=\"1200\" height=\"675\" src=\"https:\/\/thepettco.com\/wp-content\/uploads\/2025\/12\/News-13.jpg\" class=\"attachment-full size-full wp-image-16605\" alt=\"\" srcset=\"https:\/\/thepettco.com\/wp-content\/uploads\/2025\/12\/News-13.jpg 1200w, https:\/\/thepettco.com\/wp-content\/uploads\/2025\/12\/News-13-300x169.jpg 300w, https:\/\/thepettco.com\/wp-content\/uploads\/2025\/12\/News-13-1024x576.jpg 1024w, https:\/\/thepettco.com\/wp-content\/uploads\/2025\/12\/News-13-768x432.jpg 768w\" sizes=\"(max-width: 1200px) 100vw, 1200px\" \/>\t\t\t\t\t\t\t\t\t\t\t\t\t\t\t<\/div>\n\t\t\t\t<\/div>\n\t\t\t\t<div class=\"elementor-element elementor-element-8859ae2 elementor-widget__width-initial scrollFade elementor-widget elementor-widget-text-editor\" data-id=\"8859ae2\" data-element_type=\"widget\" data-widget_type=\"text-editor.default\">\n\t\t\t\t<div class=\"elementor-widget-container\">\n\t\t\t\t\t\t\t\t\t<p>First construction site tour<\/p>\t\t\t\t\t\t\t\t<\/div>\n\t\t\t\t<\/div>\n\t\t\t\t<div class=\"elementor-element elementor-element-0a556ac elementor-widget__width-initial scrollFade elementor-widget elementor-widget-text-editor\" data-id=\"0a556ac\" data-element_type=\"widget\" data-widget_type=\"text-editor.default\">\n\t\t\t\t<div class=\"elementor-widget-container\">\n\t\t\t\t\t\t\t\t\tOur letting partners accepted our invitation to experience the planned community quarter development and the Samariterkiez firsthand. The impressive architectural model was presented inside the existing building, allowing all guests to get a vivid impression of the six future courtyards. The many inspiring conversations and the lovingly prepared catering made for a great kick-off event for The PettCo.\t\t\t\t\t\t\t\t<\/div>\n\t\t\t\t<\/div>\n\t\t\t\t<\/div>\n\t\t<div class=\"elementor-element elementor-element-6bc7577 e-con-full e-flex e-con e-child\" data-id=\"6bc7577\" data-element_type=\"container\" data-settings=\"{&quot;motion_fx_motion_fx_scrolling&quot;:&quot;yes&quot;,&quot;motion_fx_translateY_effect&quot;:&quot;yes&quot;,&quot;motion_fx_translateY_affectedRange&quot;:{&quot;unit&quot;:&quot;%&quot;,&quot;size&quot;:&quot;&quot;,&quot;sizes&quot;:{&quot;start&quot;:0,&quot;end&quot;:50}},&quot;motion_fx_devices&quot;:[&quot;widescreen&quot;,&quot;desktop&quot;,&quot;laptop&quot;,&quot;tablet_extra&quot;,&quot;tablet&quot;],&quot;motion_fx_translateY_speed&quot;:{&quot;unit&quot;:&quot;px&quot;,&quot;size&quot;:4,&quot;sizes&quot;:[]}}\">\n\t\t\t\t<div class=\"elementor-element elementor-element-faf97a7 scrollFade elementor-widget elementor-widget-image\" data-id=\"faf97a7\" data-element_type=\"widget\" data-widget_type=\"image.default\">\n\t\t\t\t<div class=\"elementor-widget-container\">\n\t\t\t\t\t\t\t\t\t\t\t\t\t\t\t<img loading=\"lazy\" decoding=\"async\" width=\"800\" height=\"1200\" src=\"https:\/\/thepettco.com\/wp-content\/uploads\/2025\/11\/News-09.jpg\" class=\"attachment-full size-full wp-image-16564\" alt=\"\" srcset=\"https:\/\/thepettco.com\/wp-content\/uploads\/2025\/11\/News-09.jpg 800w, https:\/\/thepettco.com\/wp-content\/uploads\/2025\/11\/News-09-200x300.jpg 200w, https:\/\/thepettco.com\/wp-content\/uploads\/2025\/11\/News-09-683x1024.jpg 683w, https:\/\/thepettco.com\/wp-content\/uploads\/2025\/11\/News-09-768x1152.jpg 768w\" sizes=\"(max-width: 800px) 100vw, 800px\" \/>\t\t\t\t\t\t\t\t\t\t\t\t\t\t\t<\/div>\n\t\t\t\t<\/div>\n\t\t\t\t<div class=\"elementor-element elementor-element-b010d84 elementor-widget__width-initial scrollFade elementor-widget elementor-widget-text-editor\" data-id=\"b010d84\" data-element_type=\"widget\" data-widget_type=\"text-editor.default\">\n\t\t\t\t<div class=\"elementor-widget-container\">\n\t\t\t\t\t\t\t\t\t<p>Rental agreement signed with The Base<\/p>\n\t\t\t\t\t\t\t\t<\/div>\n\t\t\t\t<\/div>\n\t\t\t\t<div class=\"elementor-element elementor-element-c1ff771 elementor-widget__width-initial scrollFade elementor-widget elementor-widget-text-editor\" data-id=\"c1ff771\" data-element_type=\"widget\" data-widget_type=\"text-editor.default\">\n\t\t\t\t<div class=\"elementor-widget-container\">\n\t\t\t\t\t\t\t\t\t<p>Thanks to serviced apartment operator <a href=\"https:\/\/www.jointhebase.co\/de\" target=\"_blank\" rel=\"noopener\">The Base<\/a>, temporary accommodation is being created in addition to the rental apartments. The aim is to create 148 apartments that can be rented for up to 3 months.<\/p>\n\t\t\t\t\t\t\t\t<\/div>\n\t\t\t\t<\/div>\n\t\t\t\t<\/div>\n\t\t\t\t<\/div>\n\t\t<div class=\"elementor-element elementor-element-64ac608 e-con-full e-flex e-con e-parent\" data-id=\"64ac608\" data-element_type=\"container\">\n\t\t<div class=\"elementor-element elementor-element-0f3629d e-con-full e-flex e-con e-child\" data-id=\"0f3629d\" data-element_type=\"container\" data-settings=\"{&quot;motion_fx_motion_fx_scrolling&quot;:&quot;yes&quot;,&quot;motion_fx_translateY_effect&quot;:&quot;yes&quot;,&quot;motion_fx_translateY_direction&quot;:&quot;negative&quot;,&quot;motion_fx_translateY_speed&quot;:{&quot;unit&quot;:&quot;px&quot;,&quot;size&quot;:2,&quot;sizes&quot;:[]},&quot;motion_fx_translateY_affectedRange&quot;:{&quot;unit&quot;:&quot;%&quot;,&quot;size&quot;:&quot;&quot;,&quot;sizes&quot;:{&quot;start&quot;:31,&quot;end&quot;:69}},&quot;motion_fx_devices&quot;:[&quot;widescreen&quot;,&quot;desktop&quot;,&quot;laptop&quot;,&quot;tablet_extra&quot;,&quot;tablet&quot;]}\">\n\t\t\t\t<div class=\"elementor-element elementor-element-08c8c66 scrollFade elementor-widget elementor-widget-image\" data-id=\"08c8c66\" data-element_type=\"widget\" data-widget_type=\"image.default\">\n\t\t\t\t<div class=\"elementor-widget-container\">\n\t\t\t\t\t\t\t\t\t\t\t\t\t\t\t<img loading=\"lazy\" decoding=\"async\" width=\"1043\" height=\"1600\" src=\"https:\/\/thepettco.com\/wp-content\/uploads\/2025\/03\/news-07.jpg\" class=\"attachment-full size-full wp-image-15528\" alt=\"The PettCo - News\" srcset=\"https:\/\/thepettco.com\/wp-content\/uploads\/2025\/03\/news-07.jpg 1043w, https:\/\/thepettco.com\/wp-content\/uploads\/2025\/03\/news-07-196x300.jpg 196w, https:\/\/thepettco.com\/wp-content\/uploads\/2025\/03\/news-07-668x1024.jpg 668w, https:\/\/thepettco.com\/wp-content\/uploads\/2025\/03\/news-07-768x1178.jpg 768w, https:\/\/thepettco.com\/wp-content\/uploads\/2025\/03\/news-07-1001x1536.jpg 1001w\" sizes=\"(max-width: 1043px) 100vw, 1043px\" \/>\t\t\t\t\t\t\t\t\t\t\t\t\t\t\t<\/div>\n\t\t\t\t<\/div>\n\t\t\t\t<div class=\"elementor-element elementor-element-16f8642 elementor-widget__width-initial scrollFade elementor-widget elementor-widget-text-editor\" data-id=\"16f8642\" data-element_type=\"widget\" data-widget_type=\"text-editor.default\">\n\t\t\t\t<div class=\"elementor-widget-container\">\n\t\t\t\t\t\t\t\t\t<p>The PettCo \u2013 a vision for a new place<\/p>\n\t\t\t\t\t\t\t\t<\/div>\n\t\t\t\t<\/div>\n\t\t\t\t<div class=\"elementor-element elementor-element-d6d6a79 elementor-widget__width-initial scrollFade elementor-widget elementor-widget-text-editor\" data-id=\"d6d6a79\" data-element_type=\"widget\" data-widget_type=\"text-editor.default\">\n\t\t\t\t<div class=\"elementor-widget-container\">\n\t\t\t\t\t\t\t\t\t<p>Designed by Berlin-based <a href=\"https:\/\/www.hillig-architekten.de\/\" target=\"_blank\" rel=\"noopener\">Hillig Architekten<\/a>, a new, diverse quarter with added value for the entire neighborhood is being created on the Pettenkoferstrasse 16\u201319 site. Six courtyards create meeting and recreational spaces and offer the opportunity to help shape a colorful, lively community.<\/p>\n\t\t\t\t\t\t\t\t<\/div>\n\t\t\t\t<\/div>\n\t\t\t\t<\/div>\n\t\t<div class=\"elementor-element elementor-element-04e6dea e-con-full e-flex e-con e-child\" data-id=\"04e6dea\" data-element_type=\"container\" data-settings=\"{&quot;motion_fx_motion_fx_scrolling&quot;:&quot;yes&quot;,&quot;motion_fx_translateY_effect&quot;:&quot;yes&quot;,&quot;motion_fx_translateY_speed&quot;:{&quot;unit&quot;:&quot;px&quot;,&quot;size&quot;:2,&quot;sizes&quot;:[]},&quot;motion_fx_translateY_affectedRange&quot;:{&quot;unit&quot;:&quot;%&quot;,&quot;size&quot;:&quot;&quot;,&quot;sizes&quot;:{&quot;start&quot;:0,&quot;end&quot;:50}},&quot;motion_fx_devices&quot;:[&quot;widescreen&quot;,&quot;desktop&quot;,&quot;laptop&quot;,&quot;tablet_extra&quot;,&quot;tablet&quot;]}\">\n\t\t\t\t<div class=\"elementor-element elementor-element-e5f63b0 scrollFade elementor-widget elementor-widget-image\" data-id=\"e5f63b0\" data-element_type=\"widget\" data-widget_type=\"image.default\">\n\t\t\t\t<div class=\"elementor-widget-container\">\n\t\t\t\t\t\t\t\t\t\t\t\t\t\t\t<img loading=\"lazy\" decoding=\"async\" width=\"1600\" height=\"1067\" src=\"https:\/\/thepettco.com\/wp-content\/uploads\/2025\/03\/news-06.jpg\" class=\"attachment-full size-full wp-image-15526\" alt=\"The PettCo - News\" srcset=\"https:\/\/thepettco.com\/wp-content\/uploads\/2025\/03\/news-06.jpg 1600w, https:\/\/thepettco.com\/wp-content\/uploads\/2025\/03\/news-06-300x200.jpg 300w, https:\/\/thepettco.com\/wp-content\/uploads\/2025\/03\/news-06-1024x683.jpg 1024w, https:\/\/thepettco.com\/wp-content\/uploads\/2025\/03\/news-06-768x512.jpg 768w, https:\/\/thepettco.com\/wp-content\/uploads\/2025\/03\/news-06-1536x1024.jpg 1536w\" sizes=\"(max-width: 1600px) 100vw, 1600px\" \/>\t\t\t\t\t\t\t\t\t\t\t\t\t\t\t<\/div>\n\t\t\t\t<\/div>\n\t\t\t\t<div class=\"elementor-element elementor-element-d7fbea6 elementor-widget__width-initial scrollFade elementor-widget elementor-widget-text-editor\" data-id=\"d7fbea6\" data-element_type=\"widget\" data-widget_type=\"text-editor.default\">\n\t\t\t\t<div class=\"elementor-widget-container\">\n\t\t\t\t\t\t\t\t\t<p>Dismantling with care<\/p>\n\t\t\t\t\t\t\t\t<\/div>\n\t\t\t\t<\/div>\n\t\t\t\t<div class=\"elementor-element elementor-element-37a2aa0 elementor-widget__width-initial scrollFade elementor-widget elementor-widget-text-editor\" data-id=\"37a2aa0\" data-element_type=\"widget\" data-widget_type=\"text-editor.default\">\n\t\t\t\t<div class=\"elementor-widget-container\">\n\t\t\t\t\t\t\t\t\t<p>Not every house can be preserved \u2013 as in this case. The former prefabricated part of the building could not be integrated into the new architectural concept due to high levels of contamination, so it was carefully dismantled floor by floor.<\/p>\n\t\t\t\t\t\t\t\t<\/div>\n\t\t\t\t<\/div>\n\t\t\t\t<\/div>\n\t\t\t\t<\/div>\n\t\t\t\t<\/div>\n\t\t","protected":false},"excerpt":{"rendered":"<p>News The PettCo wird sowohl Mietwohnungen als auch Serviced Apartments beherbergen und sorgt damit f\u00fcr eine lebendige Community. \u00d6ffentliche Begegnungsorte f\u00fcr Networking und Austausch z\u00e4hlen ebenso zum Konzept wie private R\u00fcckzugsbereiche f\u00fcr Mieter:innen. Step by step Every day, the construction site looks a little different, and our photographers are regularly on site to capture the [&hellip;]<\/p>\n","protected":false},"author":1,"featured_media":0,"parent":0,"menu_order":0,"comment_status":"closed","ping_status":"closed","template":"elementor_header_footer","meta":{"inline_featured_image":false,"footnotes":""},"class_list":["post-16314","page","type-page","status-publish","hentry"],"aioseo_notices":[],"_links":{"self":[{"href":"https:\/\/thepettco.com\/en\/wp-json\/wp\/v2\/pages\/16314","targetHints":{"allow":["GET"]}}],"collection":[{"href":"https:\/\/thepettco.com\/en\/wp-json\/wp\/v2\/pages"}],"about":[{"href":"https:\/\/thepettco.com\/en\/wp-json\/wp\/v2\/types\/page"}],"author":[{"embeddable":true,"href":"https:\/\/thepettco.com\/en\/wp-json\/wp\/v2\/users\/1"}],"replies":[{"embeddable":true,"href":"https:\/\/thepettco.com\/en\/wp-json\/wp\/v2\/comments?post=16314"}],"version-history":[{"count":2,"href":"https:\/\/thepettco.com\/en\/wp-json\/wp\/v2\/pages\/16314\/revisions"}],"predecessor-version":[{"id":16612,"href":"https:\/\/thepettco.com\/en\/wp-json\/wp\/v2\/pages\/16314\/revisions\/16612"}],"wp:attachment":[{"href":"https:\/\/thepettco.com\/en\/wp-json\/wp\/v2\/media?parent=16314"}],"curies":[{"name":"wp","href":"https:\/\/api.w.org\/{rel}","templated":true}]}}